{"id":136,"date":"2022-04-17T16:52:20","date_gmt":"2022-04-17T19:52:20","guid":{"rendered":"https:\/\/aguadagrande.com.ar\/?page_id=136"},"modified":"2025-08-15T22:44:10","modified_gmt":"2025-08-16T01:44:10","slug":"productos","status":"publish","type":"page","link":"https:\/\/aguadagrande.com.ar\/index.php\/productos\/","title":{"rendered":"Productos"},"content":{"rendered":"\n<p class=\"has-text-align-center has-medium-font-size\"><strong>MEZCLA DE FRUTOS SECOS &#8211; VIGOR<\/strong><\/p>\n\n\n\n<figure class=\"wp-block-image size-large is-resized\"><img loading=\"lazy\" decoding=\"async\" width=\"1024\" height=\"858\" src=\"https:\/\/aguadagrande.com.ar\/wp-content\/uploads\/2022\/04\/Vigor-2-1024x858.png\" alt=\"\" class=\"wp-image-105\" style=\"width:672px;height:563px\" srcset=\"https:\/\/aguadagrande.com.ar\/wp-content\/uploads\/2022\/04\/Vigor-2-1024x858.png 1024w, https:\/\/aguadagrande.com.ar\/wp-content\/uploads\/2022\/04\/Vigor-2-300x251.png 300w, https:\/\/aguadagrande.com.ar\/wp-content\/uploads\/2022\/04\/Vigor-2-768x644.png 768w, https:\/\/aguadagrande.com.ar\/wp-content\/uploads\/2022\/04\/Vigor-2-250x209.png 250w, https:\/\/aguadagrande.com.ar\/wp-content\/uploads\/2022\/04\/Vigor-2-350x293.png 350w, https:\/\/aguadagrande.com.ar\/wp-content\/uploads\/2022\/04\/Vigor-2.png 1160w\" sizes=\"auto, (max-width: 767px) 89vw, (max-width: 1000px) 54vw, (max-width: 1071px) 543px, 580px\" \/><\/figure>\n\n\n\n<p class=\"has-medium-font-size\"><strong>Ingredientes<\/strong>: almendras naturales, pasas de uva sin semillas, nueces peladas, casta\u00f1as de caj\u00fa naturales, man\u00ed repelado tostado sin sal y semillas de girasol peladas. <\/p>\n\n\n\n<p class=\"has-medium-font-size\"><strong>Presentaci\u00f3n<\/strong>: 250g &#8211; 500g &#8211; 1kg<\/p>\n\n\n\n<hr class=\"wp-block-separator has-css-opacity aligncenter is-style-wide\"\/>\n\n\n\n<p class=\"has-text-align-center has-medium-font-size\"><strong>MEZCLA DE FRUTOS SECOS SIN PASAS DE UVA &#8211; VIGOR<\/strong><\/p>\n\n\n\n<figure class=\"wp-block-image size-large\"><img loading=\"lazy\" decoding=\"async\" width=\"1024\" height=\"858\" src=\"https:\/\/aguadagrande.com.ar\/wp-content\/uploads\/2022\/04\/SinPasas-1024x858.png\" alt=\"\" class=\"wp-image-118\" srcset=\"https:\/\/aguadagrande.com.ar\/wp-content\/uploads\/2022\/04\/SinPasas-1024x858.png 1024w, https:\/\/aguadagrande.com.ar\/wp-content\/uploads\/2022\/04\/SinPasas-300x251.png 300w, https:\/\/aguadagrande.com.ar\/wp-content\/uploads\/2022\/04\/SinPasas-768x644.png 768w, https:\/\/aguadagrande.com.ar\/wp-content\/uploads\/2022\/04\/SinPasas-250x209.png 250w, https:\/\/aguadagrande.com.ar\/wp-content\/uploads\/2022\/04\/SinPasas-350x293.png 350w, https:\/\/aguadagrande.com.ar\/wp-content\/uploads\/2022\/04\/SinPasas.png 1160w\" sizes=\"auto, (max-width: 767px) 89vw, (max-width: 1000px) 54vw, (max-width: 1071px) 543px, 580px\" \/><\/figure>\n\n\n\n<p class=\"has-medium-font-size\"><strong>Ingredientes<\/strong>: almendras naturales, nueces peladas, casta\u00f1as de caj\u00fa naturales, man\u00ed repelado tostado sin sal y semillas de girasol peladas.<\/p>\n\n\n\n<p class=\"has-medium-font-size\"><strong>Presentaci\u00f3n<\/strong>: 250g &#8211; 500g &#8211; 1kg<\/p>\n\n\n\n<hr class=\"wp-block-separator has-css-opacity is-style-wide\"\/>\n\n\n\n<p class=\"has-text-align-center has-medium-font-size\"><strong>MEZCLA DE FRUTOS SECOS SIN MAN\u00cd &#8211; VIGOR<\/strong><\/p>\n\n\n\n<figure class=\"wp-block-image size-large\"><img loading=\"lazy\" decoding=\"async\" width=\"1024\" height=\"858\" src=\"https:\/\/aguadagrande.com.ar\/wp-content\/uploads\/2022\/04\/SinMani-1024x858.png\" alt=\"\" class=\"wp-image-120\" srcset=\"https:\/\/aguadagrande.com.ar\/wp-content\/uploads\/2022\/04\/SinMani-1024x858.png 1024w, https:\/\/aguadagrande.com.ar\/wp-content\/uploads\/2022\/04\/SinMani-300x251.png 300w, https:\/\/aguadagrande.com.ar\/wp-content\/uploads\/2022\/04\/SinMani-768x644.png 768w, https:\/\/aguadagrande.com.ar\/wp-content\/uploads\/2022\/04\/SinMani-250x209.png 250w, https:\/\/aguadagrande.com.ar\/wp-content\/uploads\/2022\/04\/SinMani-350x293.png 350w, https:\/\/aguadagrande.com.ar\/wp-content\/uploads\/2022\/04\/SinMani.png 1160w\" sizes=\"auto, (max-width: 767px) 89vw, (max-width: 1000px) 54vw, (max-width: 1071px) 543px, 580px\" \/><\/figure>\n\n\n\n<p class=\"has-medium-font-size\"><strong>Ingredientes<\/strong>: almendras naturales, pasas de uva sin semillas, nueces peladas, casta\u00f1as de caj\u00fa naturales y semillas de girasol peladas.<\/p>\n\n\n\n<p class=\"has-medium-font-size\"><strong>Presentaci\u00f3n<\/strong>: 500g <\/p>\n\n\n\n<hr class=\"wp-block-separator has-css-opacity is-style-wide\"\/>\n\n\n\n<p class=\"has-text-align-center has-medium-font-size\"><strong>MEZCLA DE SEMILLAS Y FRUTA DESHIDRATADAS &#8211; ENERG\u00cdA<\/strong><\/p>\n\n\n\n<figure class=\"wp-block-image size-large\"><img loading=\"lazy\" decoding=\"async\" width=\"1024\" height=\"858\" src=\"https:\/\/aguadagrande.com.ar\/wp-content\/uploads\/2022\/04\/Energia-1024x858.png\" alt=\"\" class=\"wp-image-121\" srcset=\"https:\/\/aguadagrande.com.ar\/wp-content\/uploads\/2022\/04\/Energia-1024x858.png 1024w, https:\/\/aguadagrande.com.ar\/wp-content\/uploads\/2022\/04\/Energia-300x251.png 300w, https:\/\/aguadagrande.com.ar\/wp-content\/uploads\/2022\/04\/Energia-768x644.png 768w, https:\/\/aguadagrande.com.ar\/wp-content\/uploads\/2022\/04\/Energia-250x209.png 250w, https:\/\/aguadagrande.com.ar\/wp-content\/uploads\/2022\/04\/Energia-350x293.png 350w, https:\/\/aguadagrande.com.ar\/wp-content\/uploads\/2022\/04\/Energia.png 1160w\" sizes=\"auto, (max-width: 767px) 89vw, (max-width: 1000px) 54vw, (max-width: 1071px) 543px, 580px\" \/><\/figure>\n\n\n\n<p class=\"has-medium-font-size\"><strong>Ingredientes<\/strong>: chips de bananas, pasas de uva sin semillas, man\u00ed repelado tostado y semillas de girasol peladas.<\/p>\n\n\n\n<p class=\"has-medium-font-size\"><strong>Presentaci\u00f3n<\/strong>: 250g &#8211; 500g &#8211; 1kg<\/p>\n\n\n\n<hr class=\"wp-block-separator has-css-opacity is-style-wide\"\/>\n\n\n\n<p class=\"has-text-align-center has-medium-font-size\"><strong>MEZCLA DE SEMILLAS SALADAS &#8211; CERVECERO<\/strong><\/p>\n\n\n\n<figure class=\"wp-block-image size-large\"><img loading=\"lazy\" decoding=\"async\" width=\"1024\" height=\"858\" src=\"https:\/\/aguadagrande.com.ar\/wp-content\/uploads\/2022\/04\/Cervecero-1024x858.png\" alt=\"\" class=\"wp-image-122\" srcset=\"https:\/\/aguadagrande.com.ar\/wp-content\/uploads\/2022\/04\/Cervecero-1024x858.png 1024w, https:\/\/aguadagrande.com.ar\/wp-content\/uploads\/2022\/04\/Cervecero-300x251.png 300w, https:\/\/aguadagrande.com.ar\/wp-content\/uploads\/2022\/04\/Cervecero-768x644.png 768w, https:\/\/aguadagrande.com.ar\/wp-content\/uploads\/2022\/04\/Cervecero-250x209.png 250w, https:\/\/aguadagrande.com.ar\/wp-content\/uploads\/2022\/04\/Cervecero-350x293.png 350w, https:\/\/aguadagrande.com.ar\/wp-content\/uploads\/2022\/04\/Cervecero.png 1160w\" sizes=\"auto, (max-width: 767px) 89vw, (max-width: 1000px) 54vw, (max-width: 1071px) 543px, 580px\" \/><\/figure>\n\n\n\n<p class=\"has-medium-font-size\"><strong>Ingredientes<\/strong>: ma\u00edz frito y tostado, man\u00ed salado repelado tostado y pipas de girasol.<\/p>\n\n\n\n<p class=\"has-medium-font-size\"><strong>Presentaci\u00f3n<\/strong>: 200g &#8211; 350g <\/p>\n\n\n\n<hr class=\"wp-block-separator has-css-opacity is-style-wide\"\/>\n\n\n\n<p class=\"has-text-align-center has-medium-font-size\"><strong>MEZCLA DE CEREALES  &#8211; GRANOLA MUESLI<\/strong><\/p>\n\n\n\n<figure class=\"wp-block-image size-large\"><img loading=\"lazy\" decoding=\"async\" width=\"1024\" height=\"858\" src=\"https:\/\/aguadagrande.com.ar\/wp-content\/uploads\/2022\/04\/muesli-1-1024x858.png\" alt=\"\" class=\"wp-image-125\" srcset=\"https:\/\/aguadagrande.com.ar\/wp-content\/uploads\/2022\/04\/muesli-1-1024x858.png 1024w, https:\/\/aguadagrande.com.ar\/wp-content\/uploads\/2022\/04\/muesli-1-300x251.png 300w, https:\/\/aguadagrande.com.ar\/wp-content\/uploads\/2022\/04\/muesli-1-768x644.png 768w, https:\/\/aguadagrande.com.ar\/wp-content\/uploads\/2022\/04\/muesli-1-250x209.png 250w, https:\/\/aguadagrande.com.ar\/wp-content\/uploads\/2022\/04\/muesli-1-350x293.png 350w, https:\/\/aguadagrande.com.ar\/wp-content\/uploads\/2022\/04\/muesli-1.png 1160w\" sizes=\"auto, (max-width: 767px) 89vw, (max-width: 1000px) 54vw, (max-width: 1071px) 543px, 580px\" \/><\/figure>\n\n\n\n<p class=\"has-medium-font-size\"><strong>Ingredientes<\/strong>: copos de ma\u00edz, trigo inflado, arroz inflado y pasas de uva.<\/p>\n\n\n\n<p class=\"has-medium-font-size\"><strong>Presentaci\u00f3n<\/strong>: 250g <\/p>\n\n\n\n<hr class=\"wp-block-separator has-css-opacity is-style-wide\"\/>\n\n\n\n<p class=\"has-text-align-center has-medium-font-size\"><strong>MEZCLA DE CEREALES &#8211; GRAN LITA<\/strong><\/p>\n\n\n\n<figure class=\"wp-block-image size-large is-style-default\"><img loading=\"lazy\" decoding=\"async\" width=\"1024\" height=\"858\" src=\"https:\/\/aguadagrande.com.ar\/wp-content\/uploads\/2022\/04\/Granolita-2-1024x858.png\" alt=\"\" class=\"wp-image-130\" srcset=\"https:\/\/aguadagrande.com.ar\/wp-content\/uploads\/2022\/04\/Granolita-2-1024x858.png 1024w, https:\/\/aguadagrande.com.ar\/wp-content\/uploads\/2022\/04\/Granolita-2-300x251.png 300w, https:\/\/aguadagrande.com.ar\/wp-content\/uploads\/2022\/04\/Granolita-2-768x644.png 768w, https:\/\/aguadagrande.com.ar\/wp-content\/uploads\/2022\/04\/Granolita-2-250x209.png 250w, https:\/\/aguadagrande.com.ar\/wp-content\/uploads\/2022\/04\/Granolita-2-350x293.png 350w, https:\/\/aguadagrande.com.ar\/wp-content\/uploads\/2022\/04\/Granolita-2.png 1160w\" sizes=\"auto, (max-width: 767px) 89vw, (max-width: 1000px) 54vw, (max-width: 1071px) 543px, 580px\" \/><\/figure>\n\n\n\n<p class=\"has-medium-font-size\"><strong>Ingredientes<\/strong>: aritos de avena, copos de ma\u00edz, trigo inflado y arroz inflado.<\/p>\n\n\n\n<p class=\"has-medium-font-size\"><strong>Presentaci\u00f3n<\/strong>: 250g <\/p>\n\n\n\n<p><\/p>\n","protected":false},"excerpt":{"rendered":"<p>MEZCLA DE FRUTOS SECOS &#8211; VIGOR Ingredientes: almendras naturales, pasas de uva sin semillas, nueces peladas, casta\u00f1as de caj\u00fa naturales, man\u00ed repelado tostado sin sal y semillas de girasol peladas. Presentaci\u00f3n: 250g &#8211; 500g &#8211; 1kg MEZCLA DE FRUTOS SECOS SIN PASAS DE UVA &#8211; VIGOR Ingredientes: almendras naturales, nueces peladas, casta\u00f1as de caj\u00fa naturales, &hellip; <\/p>\n<p class=\"link-more\"><a href=\"https:\/\/aguadagrande.com.ar\/index.php\/productos\/\" class=\"more-link\">Segu\u00ed leyendo<span class=\"screen-reader-text\"> &#8220;Productos&#8221;<\/span><\/a><\/p>\n","protected":false},"author":1,"featured_media":0,"parent":0,"menu_order":0,"comment_status":"closed","ping_status":"closed","template":"","meta":{"_joinchat":[],"footnotes":""},"class_list":["post-136","page","type-page","status-publish","hentry"],"_links":{"self":[{"href":"https:\/\/aguadagrande.com.ar\/index.php\/wp-json\/wp\/v2\/pages\/136","targetHints":{"allow":["GET"]}}],"collection":[{"href":"https:\/\/aguadagrande.com.ar\/index.php\/wp-json\/wp\/v2\/pages"}],"about":[{"href":"https:\/\/aguadagrande.com.ar\/index.php\/wp-json\/wp\/v2\/types\/page"}],"author":[{"embeddable":true,"href":"https:\/\/aguadagrande.com.ar\/index.php\/wp-json\/wp\/v2\/users\/1"}],"replies":[{"embeddable":true,"href":"https:\/\/aguadagrande.com.ar\/index.php\/wp-json\/wp\/v2\/comments?post=136"}],"version-history":[{"count":5,"href":"https:\/\/aguadagrande.com.ar\/index.php\/wp-json\/wp\/v2\/pages\/136\/revisions"}],"predecessor-version":[{"id":1462,"href":"https:\/\/aguadagrande.com.ar\/index.php\/wp-json\/wp\/v2\/pages\/136\/revisions\/1462"}],"wp:attachment":[{"href":"https:\/\/aguadagrande.com.ar\/index.php\/wp-json\/wp\/v2\/media?parent=136"}],"curies":[{"name":"wp","href":"https:\/\/api.w.org\/{rel}","templated":true}]}}